{"id":92,"date":"2023-03-14T21:35:53","date_gmt":"2023-03-14T20:35:53","guid":{"rendered":"https:\/\/pfadirohrdorf.ch\/neu\/heimverein\/?page_id=92"},"modified":"2023-05-15T14:30:23","modified_gmt":"2023-05-15T12:30:23","slug":"kontakt","status":"publish","type":"page","link":"https:\/\/pfadirohrdorf.ch\/heimverein\/kontakt\/","title":{"rendered":"Kontakt"},"content":{"rendered":"\n<p>M\u00f6chten Sie Mitglied werden oder mehr \u00fcber uns erfahren, dann melden Sie sich jederzeit bei uns!<br><\/p>\n\n\n\n<p>Unser Aktuar hilft Ihnen gerne weiter!<\/p>\n\n\n\n<p>Alex M\u00fcnch v\/o Chrono<br><a href=\"mailto:awmuench@gmail.com\">awmuench@gmail.com<\/a><\/p>\n","protected":false},"excerpt":{"rendered":"<p>M\u00f6chten Sie Mitglied werden oder mehr \u00fcber uns erfahren, dann melden Sie sich jederzeit bei uns! Unser Aktuar hilft Ihnen gerne weiter! Alex M\u00fcnch v\/o Chronoawmuench@gmail.com<\/p>\n","protected":false},"author":1,"featured_media":0,"parent":0,"menu_order":0,"comment_status":"closed","ping_status":"closed","template":"","meta":{"footnotes":""},"class_list":["post-92","page","type-page","status-publish","czr-hentry"],"_links":{"self":[{"href":"https:\/\/pfadirohrdorf.ch\/heimverein\/wp-json\/wp\/v2\/pages\/92","targetHints":{"allow":["GET"]}}],"collection":[{"href":"https:\/\/pfadirohrdorf.ch\/heimverein\/wp-json\/wp\/v2\/pages"}],"about":[{"href":"https:\/\/pfadirohrdorf.ch\/heimverein\/wp-json\/wp\/v2\/types\/page"}],"author":[{"embeddable":true,"href":"https:\/\/pfadirohrdorf.ch\/heimverein\/wp-json\/wp\/v2\/users\/1"}],"replies":[{"embeddable":true,"href":"https:\/\/pfadirohrdorf.ch\/heimverein\/wp-json\/wp\/v2\/comments?post=92"}],"version-history":[{"count":3,"href":"https:\/\/pfadirohrdorf.ch\/heimverein\/wp-json\/wp\/v2\/pages\/92\/revisions"}],"predecessor-version":[{"id":111,"href":"https:\/\/pfadirohrdorf.ch\/heimverein\/wp-json\/wp\/v2\/pages\/92\/revisions\/111"}],"wp:attachment":[{"href":"https:\/\/pfadirohrdorf.ch\/heimverein\/wp-json\/wp\/v2\/media?parent=92"}],"curies":[{"name":"wp","href":"https:\/\/api.w.org\/{rel}","templated":true}]}}