{"id":34,"date":"2023-03-14T21:06:13","date_gmt":"2023-03-14T20:06:13","guid":{"rendered":"https:\/\/pfadirohrdorf.ch\/neu\/heimverein\/?page_id=34"},"modified":"2023-10-01T21:33:59","modified_gmt":"2023-10-01T19:33:59","slug":"vorstand","status":"publish","type":"page","link":"https:\/\/pfadirohrdorf.ch\/heimverein\/vorstand\/","title":{"rendered":"Vorstand"},"content":{"rendered":"\n<p>Der Vorstand k\u00fcmmert sich um anfallende Arbeiten rund ums Heim. Daneben sorgt er mit verschiedenen Aktivit\u00e4ten f\u00fcr zus\u00e4tzliche Einnahmen in die Heimvereinskasse.<\/p>\n\n\n\n<p><strong>Pr\u00e4sident:<\/strong><br>Sarah Rohner v\/o Cascata<br><a href=\"mailto:cascata@heitersberg.ch\">cascata@heitersberg.ch<\/a><br><br><strong>Aktuar:<\/strong><br>Alex M\u00fcnch v\/o Chrono<br><a href=\"mailto:awmuench@gmail.com\">awmuench@gmail.com<\/a><br><br><strong>Kassier:<\/strong><br>Leandro Biffi v\/o Piello<br><a href=\"leandrof.biffi@hotmail.com\">leandrof.biffi@hotmail.com<\/a><br><br><strong>Heimwart:<\/strong><br>Dominic Maurer v\/o Sam<br><a href=\"mailto:heimwart@pfadirohrdorf.ch\">heimwart@pfadirohrdorf.ch<\/a><\/p>\n\n\n\n<div class=\"wp-block-buttons is-layout-flex wp-block-buttons-is-layout-flex\"><\/div>\n","protected":false},"excerpt":{"rendered":"<p>Der Vorstand k\u00fcmmert sich um anfallende Arbeiten rund ums Heim. Daneben sorgt er mit verschiedenen Aktivit\u00e4ten f\u00fcr zus\u00e4tzliche Einnahmen in die Heimvereinskasse. Pr\u00e4sident:Sarah Rohner v\/o Cascatacascata@heitersberg.ch Aktuar:Alex M\u00fcnch v\/o Chronoawmuench@gmail.com Kassier:Leandro Biffi v\/o Pielloleandrof.biffi@hotmail.com Heimwart:Dominic Maurer v\/o Samheimwart@pfadirohrdorf.ch<\/p>\n","protected":false},"author":1,"featured_media":0,"parent":0,"menu_order":0,"comment_status":"closed","ping_status":"closed","template":"","meta":{"footnotes":""},"class_list":["post-34","page","type-page","status-publish","czr-hentry"],"_links":{"self":[{"href":"https:\/\/pfadirohrdorf.ch\/heimverein\/wp-json\/wp\/v2\/pages\/34","targetHints":{"allow":["GET"]}}],"collection":[{"href":"https:\/\/pfadirohrdorf.ch\/heimverein\/wp-json\/wp\/v2\/pages"}],"about":[{"href":"https:\/\/pfadirohrdorf.ch\/heimverein\/wp-json\/wp\/v2\/types\/page"}],"author":[{"embeddable":true,"href":"https:\/\/pfadirohrdorf.ch\/heimverein\/wp-json\/wp\/v2\/users\/1"}],"replies":[{"embeddable":true,"href":"https:\/\/pfadirohrdorf.ch\/heimverein\/wp-json\/wp\/v2\/comments?post=34"}],"version-history":[{"count":7,"href":"https:\/\/pfadirohrdorf.ch\/heimverein\/wp-json\/wp\/v2\/pages\/34\/revisions"}],"predecessor-version":[{"id":263,"href":"https:\/\/pfadirohrdorf.ch\/heimverein\/wp-json\/wp\/v2\/pages\/34\/revisions\/263"}],"wp:attachment":[{"href":"https:\/\/pfadirohrdorf.ch\/heimverein\/wp-json\/wp\/v2\/media?parent=34"}],"curies":[{"name":"wp","href":"https:\/\/api.w.org\/{rel}","templated":true}]}}