{"id":134,"date":"2023-07-23T12:19:32","date_gmt":"2023-07-23T10:19:32","guid":{"rendered":"https:\/\/pfadirohrdorf.ch\/heimverein\/?page_id=134"},"modified":"2025-10-08T07:55:31","modified_gmt":"2025-10-08T05:55:31","slug":"fuer-euses-dach-sanierungsprojekt-2030","status":"publish","type":"page","link":"https:\/\/pfadirohrdorf.ch\/heimverein\/fuer-euses-dach-sanierungsprojekt-2030\/","title":{"rendered":"f\u00fcr euses Dach &#8211; Sanierungsprojekt 2030"},"content":{"rendered":"\n<p><\/p>\n\n\n\n<div class=\"wp-block-columns is-layout-flex wp-container-core-columns-is-layout-9d6595d7 wp-block-columns-is-layout-flex\">\n<div class=\"wp-block-column is-layout-flow wp-block-column-is-layout-flow\" style=\"flex-basis:33.33%\">\n<figure class=\"wp-block-video\"><video controls src=\"https:\/\/pfadirohrdorf.ch\/heimverein\/wp-content\/uploads\/sites\/2\/2023\/09\/Eus-raegnets-durs-Dach.mp4\"><\/video><\/figure>\n<\/div>\n\n\n\n<div class=\"wp-block-column is-layout-flow wp-block-column-is-layout-flow\" style=\"flex-basis:66.66%\">\n<p>Lochfrass durchsiebt unser Pfadiheimdach aus Zink (Stehfalzdach). Nach Einsch\u00e4tzung des Architekturb\u00fcros Bele sowie von Spenglerfirmen wird dringend empfohlen, das komplette Pultdach zu ersetzen. Dabei ist auf einen bauphysikalisch korrekten Aufbau zu achten um R\u00fcckseitenkorrosion zu verhindern (Ursache f\u00fcr Lochfrass).<\/p>\n<\/div>\n<\/div>\n\n\n\n<figure class=\"wp-block-image size-full\"><img loading=\"lazy\" decoding=\"async\" width=\"940\" height=\"338\" src=\"https:\/\/pfadirohrdorf.ch\/heimverein\/wp-content\/uploads\/sites\/2\/2023\/07\/image.png\" alt=\"\" class=\"wp-image-135\" srcset=\"https:\/\/pfadirohrdorf.ch\/heimverein\/wp-content\/uploads\/sites\/2\/2023\/07\/image.png 940w, https:\/\/pfadirohrdorf.ch\/heimverein\/wp-content\/uploads\/sites\/2\/2023\/07\/image-300x108.png 300w, https:\/\/pfadirohrdorf.ch\/heimverein\/wp-content\/uploads\/sites\/2\/2023\/07\/image-768x276.png 768w\" sizes=\"auto, (max-width: 940px) 100vw, 940px\" \/><\/figure>\n\n\n\n<p>Links: Pultdach<br>Rechts: Provisorische Flickarbeiten<\/p>\n\n\n\n<p><\/p>\n\n\n\n<p>Beim beidseitig angrenzeden Flachdach muss neu abgedichtet und eingekiest werden. Um den neuen Sicherheitsbestimmungen gerecht zu werden, ist&nbsp;f\u00fcr k\u00fcnftige Unterhaltsarbeiten die Montage einer Absturzsicherung\/Gel\u00e4nder notwendig.<\/p>\n\n\n\n<div class=\"wp-block-columns is-layout-flex wp-container-core-columns-is-layout-9d6595d7 wp-block-columns-is-layout-flex\">\n<div class=\"wp-block-column is-layout-flow wp-block-column-is-layout-flow\" style=\"flex-basis:33.33%\">\n<figure class=\"wp-block-image size-full\"><img loading=\"lazy\" decoding=\"async\" width=\"1003\" height=\"998\" src=\"https:\/\/pfadirohrdorf.ch\/heimverein\/wp-content\/uploads\/sites\/2\/2024\/11\/Platten-Dach-Demontage.jpg\" alt=\"\" class=\"wp-image-278\" srcset=\"https:\/\/pfadirohrdorf.ch\/heimverein\/wp-content\/uploads\/sites\/2\/2024\/11\/Platten-Dach-Demontage.jpg 1003w, https:\/\/pfadirohrdorf.ch\/heimverein\/wp-content\/uploads\/sites\/2\/2024\/11\/Platten-Dach-Demontage-300x300.jpg 300w, https:\/\/pfadirohrdorf.ch\/heimverein\/wp-content\/uploads\/sites\/2\/2024\/11\/Platten-Dach-Demontage-150x150.jpg 150w, https:\/\/pfadirohrdorf.ch\/heimverein\/wp-content\/uploads\/sites\/2\/2024\/11\/Platten-Dach-Demontage-768x764.jpg 768w\" sizes=\"auto, (max-width: 1003px) 100vw, 1003px\" \/><\/figure>\n<\/div>\n\n\n\n<div class=\"wp-block-column is-layout-flow wp-block-column-is-layout-flow\" style=\"flex-basis:66.66%\">\n<p>Die Platten wurden bereits durch die Pfadis vom Dach genommen. Die Folie wird ersetzt, sodass der Flachdachbereich dicht bleibt \u00fcber den Winter. <\/p>\n\n\n<div class=\"wp-block-image\">\n<figure class=\"alignleft size-full is-resized\"><img loading=\"lazy\" decoding=\"async\" width=\"998\" height=\"989\" src=\"https:\/\/pfadirohrdorf.ch\/heimverein\/wp-content\/uploads\/sites\/2\/2024\/11\/swisspor.jpg\" alt=\"\" class=\"wp-image-279\" style=\"aspect-ratio:1.0091001011122345;width:211px;height:auto\" srcset=\"https:\/\/pfadirohrdorf.ch\/heimverein\/wp-content\/uploads\/sites\/2\/2024\/11\/swisspor.jpg 998w, https:\/\/pfadirohrdorf.ch\/heimverein\/wp-content\/uploads\/sites\/2\/2024\/11\/swisspor-300x297.jpg 300w, https:\/\/pfadirohrdorf.ch\/heimverein\/wp-content\/uploads\/sites\/2\/2024\/11\/swisspor-150x150.jpg 150w, https:\/\/pfadirohrdorf.ch\/heimverein\/wp-content\/uploads\/sites\/2\/2024\/11\/swisspor-768x761.jpg 768w\" sizes=\"auto, (max-width: 998px) 100vw, 998px\" \/><\/figure><\/div><\/div>\n<\/div>\n\n\n\n<div class=\"wp-block-columns is-layout-flex wp-container-core-columns-is-layout-9d6595d7 wp-block-columns-is-layout-flex\">\n<div class=\"wp-block-column is-layout-flow wp-block-column-is-layout-flow\">\n<figure class=\"wp-block-image size-large\"><img loading=\"lazy\" decoding=\"async\" width=\"1024\" height=\"1024\" src=\"https:\/\/pfadirohrdorf.ch\/heimverein\/wp-content\/uploads\/sites\/2\/2025\/05\/pic-2-1024x1024.jpg\" alt=\"\" class=\"wp-image-284\" srcset=\"https:\/\/pfadirohrdorf.ch\/heimverein\/wp-content\/uploads\/sites\/2\/2025\/05\/pic-2-1024x1024.jpg 1024w, https:\/\/pfadirohrdorf.ch\/heimverein\/wp-content\/uploads\/sites\/2\/2025\/05\/pic-2-300x300.jpg 300w, https:\/\/pfadirohrdorf.ch\/heimverein\/wp-content\/uploads\/sites\/2\/2025\/05\/pic-2-150x150.jpg 150w, https:\/\/pfadirohrdorf.ch\/heimverein\/wp-content\/uploads\/sites\/2\/2025\/05\/pic-2-768x768.jpg 768w, https:\/\/pfadirohrdorf.ch\/heimverein\/wp-content\/uploads\/sites\/2\/2025\/05\/pic-2-510x510.jpg 510w, https:\/\/pfadirohrdorf.ch\/heimverein\/wp-content\/uploads\/sites\/2\/2025\/05\/pic-2.jpg 1496w\" sizes=\"auto, (max-width: 1024px) 100vw, 1024px\" \/><\/figure>\n<\/div>\n\n\n\n<div class=\"wp-block-column is-layout-flow wp-block-column-is-layout-flow\">\n<figure class=\"wp-block-image size-large\"><img loading=\"lazy\" decoding=\"async\" width=\"1024\" height=\"1024\" src=\"https:\/\/pfadirohrdorf.ch\/heimverein\/wp-content\/uploads\/sites\/2\/2025\/05\/pic-1-1024x1024.jpg\" alt=\"\" class=\"wp-image-285\" srcset=\"https:\/\/pfadirohrdorf.ch\/heimverein\/wp-content\/uploads\/sites\/2\/2025\/05\/pic-1-1024x1024.jpg 1024w, https:\/\/pfadirohrdorf.ch\/heimverein\/wp-content\/uploads\/sites\/2\/2025\/05\/pic-1-300x300.jpg 300w, https:\/\/pfadirohrdorf.ch\/heimverein\/wp-content\/uploads\/sites\/2\/2025\/05\/pic-1-150x150.jpg 150w, https:\/\/pfadirohrdorf.ch\/heimverein\/wp-content\/uploads\/sites\/2\/2025\/05\/pic-1-768x768.jpg 768w, https:\/\/pfadirohrdorf.ch\/heimverein\/wp-content\/uploads\/sites\/2\/2025\/05\/pic-1-510x510.jpg 510w, https:\/\/pfadirohrdorf.ch\/heimverein\/wp-content\/uploads\/sites\/2\/2025\/05\/pic-1.jpg 1496w\" sizes=\"auto, (max-width: 1024px) 100vw, 1024px\" \/><\/figure>\n<\/div>\n\n\n\n<div class=\"wp-block-column is-layout-flow wp-block-column-is-layout-flow\">\n<figure class=\"wp-block-image size-large is-resized\"><img loading=\"lazy\" decoding=\"async\" width=\"1024\" height=\"576\" src=\"https:\/\/pfadirohrdorf.ch\/heimverein\/wp-content\/uploads\/sites\/2\/2025\/05\/WhatsApp-Image-2025-05-04-at-00.30.21-1024x576.jpeg\" alt=\"\" class=\"wp-image-286\" style=\"aspect-ratio:1.7777777777777777;width:373px;height:auto\" srcset=\"https:\/\/pfadirohrdorf.ch\/heimverein\/wp-content\/uploads\/sites\/2\/2025\/05\/WhatsApp-Image-2025-05-04-at-00.30.21-1024x576.jpeg 1024w, https:\/\/pfadirohrdorf.ch\/heimverein\/wp-content\/uploads\/sites\/2\/2025\/05\/WhatsApp-Image-2025-05-04-at-00.30.21-300x169.jpeg 300w, https:\/\/pfadirohrdorf.ch\/heimverein\/wp-content\/uploads\/sites\/2\/2025\/05\/WhatsApp-Image-2025-05-04-at-00.30.21-768x432.jpeg 768w, https:\/\/pfadirohrdorf.ch\/heimverein\/wp-content\/uploads\/sites\/2\/2025\/05\/WhatsApp-Image-2025-05-04-at-00.30.21-1536x864.jpeg 1536w, https:\/\/pfadirohrdorf.ch\/heimverein\/wp-content\/uploads\/sites\/2\/2025\/05\/WhatsApp-Image-2025-05-04-at-00.30.21-1110x624.jpeg 1110w, https:\/\/pfadirohrdorf.ch\/heimverein\/wp-content\/uploads\/sites\/2\/2025\/05\/WhatsApp-Image-2025-05-04-at-00.30.21-528x297.jpeg 528w, https:\/\/pfadirohrdorf.ch\/heimverein\/wp-content\/uploads\/sites\/2\/2025\/05\/WhatsApp-Image-2025-05-04-at-00.30.21.jpeg 2016w\" sizes=\"auto, (max-width: 1024px) 100vw, 1024px\" \/><\/figure>\n\n\n\n<p>Am 03.05.2025 konnte das Zinkfalzdach durch Freiwilligeneiensatz demontiert und entsorgt werden. Nun bleibt das Dach mit Blachen abgedeckt, bis der Dachdecker kommt.<\/p>\n<\/div>\n<\/div>\n\n\n\n<figure class=\"wp-block-image size-large\"><img loading=\"lazy\" decoding=\"async\" width=\"1024\" height=\"494\" src=\"https:\/\/pfadirohrdorf.ch\/heimverein\/wp-content\/uploads\/sites\/2\/2025\/10\/Dach-neu-1024x494.jpg\" alt=\"\" class=\"wp-image-297\" srcset=\"https:\/\/pfadirohrdorf.ch\/heimverein\/wp-content\/uploads\/sites\/2\/2025\/10\/Dach-neu-1024x494.jpg 1024w, https:\/\/pfadirohrdorf.ch\/heimverein\/wp-content\/uploads\/sites\/2\/2025\/10\/Dach-neu-300x145.jpg 300w, https:\/\/pfadirohrdorf.ch\/heimverein\/wp-content\/uploads\/sites\/2\/2025\/10\/Dach-neu-768x371.jpg 768w, https:\/\/pfadirohrdorf.ch\/heimverein\/wp-content\/uploads\/sites\/2\/2025\/10\/Dach-neu-1536x742.jpg 1536w, https:\/\/pfadirohrdorf.ch\/heimverein\/wp-content\/uploads\/sites\/2\/2025\/10\/Dach-neu-2048x989.jpg 2048w\" sizes=\"auto, (max-width: 1024px) 100vw, 1024px\" \/><\/figure>\n\n\n\n<div class=\"wp-block-columns is-layout-flex wp-container-core-columns-is-layout-9d6595d7 wp-block-columns-is-layout-flex\">\n<div class=\"wp-block-column is-layout-flow wp-block-column-is-layout-flow\" style=\"flex-basis:66.66%\">\n<figure class=\"wp-block-image size-large is-resized\"><img loading=\"lazy\" decoding=\"async\" width=\"1024\" height=\"576\" src=\"https:\/\/pfadirohrdorf.ch\/heimverein\/wp-content\/uploads\/sites\/2\/2025\/10\/Feuerstelle-neu-1024x576.jpg\" alt=\"\" class=\"wp-image-296\" style=\"width:302px;height:auto\" srcset=\"https:\/\/pfadirohrdorf.ch\/heimverein\/wp-content\/uploads\/sites\/2\/2025\/10\/Feuerstelle-neu-1024x576.jpg 1024w, https:\/\/pfadirohrdorf.ch\/heimverein\/wp-content\/uploads\/sites\/2\/2025\/10\/Feuerstelle-neu-300x169.jpg 300w, https:\/\/pfadirohrdorf.ch\/heimverein\/wp-content\/uploads\/sites\/2\/2025\/10\/Feuerstelle-neu-768x432.jpg 768w, https:\/\/pfadirohrdorf.ch\/heimverein\/wp-content\/uploads\/sites\/2\/2025\/10\/Feuerstelle-neu-1536x864.jpg 1536w, https:\/\/pfadirohrdorf.ch\/heimverein\/wp-content\/uploads\/sites\/2\/2025\/10\/Feuerstelle-neu-1110x624.jpg 1110w, https:\/\/pfadirohrdorf.ch\/heimverein\/wp-content\/uploads\/sites\/2\/2025\/10\/Feuerstelle-neu-528x297.jpg 528w, https:\/\/pfadirohrdorf.ch\/heimverein\/wp-content\/uploads\/sites\/2\/2025\/10\/Feuerstelle-neu.jpg 1600w\" sizes=\"auto, (max-width: 1024px) 100vw, 1024px\" \/><\/figure>\n<\/div>\n\n\n\n<div class=\"wp-block-column is-layout-flow wp-block-column-is-layout-flow\" style=\"flex-basis:33.33%\">\n<p>Das Dach erstrahlt in neuem Glanz. Nun &#8217;schiffeds&#8216; uns nicht mehr durchs Dach! 1.7.2025<\/p>\n\n\n\n<p>Nun geht&#8217;s an den Vorplatz, die Feuerstelle ist bereits erneuert.<\/p>\n\n\n\n<p> <\/p>\n<\/div>\n<\/div>\n\n\n\n<p><strong>Weiterf\u00fchrende Unterlagen zur Gesamtsanierung<\/strong><\/p>\n\n\n\n<p><\/p>\n\n\n\n<div data-wp-interactive=\"core\/file\" class=\"wp-block-file\"><object data-wp-bind--hidden=\"!state.hasPdfPreview\" hidden class=\"wp-block-file__embed\" data=\"https:\/\/pfadirohrdorf.ch\/heimverein\/wp-content\/uploads\/sites\/2\/2023\/09\/Sanierungsplan-BELE-Architekten.pdf\" type=\"application\/pdf\" style=\"width:100%;height:600px\" aria-label=\"Einbettung von Sanierungsplan-BELE-Architekten.\"><\/object><a id=\"wp-block-file--media-88917f0d-83a0-4570-b0c1-d419bb4b5a6d\" href=\"https:\/\/pfadirohrdorf.ch\/heimverein\/wp-content\/uploads\/sites\/2\/2023\/09\/Sanierungsplan-BELE-Architekten.pdf\">Sanierungsplan-BELE-Architekten<\/a><a href=\"https:\/\/pfadirohrdorf.ch\/heimverein\/wp-content\/uploads\/sites\/2\/2023\/09\/Sanierungsplan-BELE-Architekten.pdf\" class=\"wp-block-file__button wp-element-button\" download aria-describedby=\"wp-block-file--media-88917f0d-83a0-4570-b0c1-d419bb4b5a6d\">Herunterladen<\/a><\/div>\n\n\n\n<p><\/p>\n\n\n\n<div data-wp-interactive=\"core\/file\" class=\"wp-block-file\"><object data-wp-bind--hidden=\"!state.hasPdfPreview\" hidden class=\"wp-block-file__embed\" data=\"https:\/\/pfadirohrdorf.ch\/heimverein\/wp-content\/uploads\/sites\/2\/2023\/09\/Kosten-Sanierungsplan-2030.pdf\" type=\"application\/pdf\" style=\"width:100%;height:600px\" aria-label=\"Einbettung von Kosten-Sanierungsplan-2030.\"><\/object><a id=\"wp-block-file--media-7bbdbd18-70b9-47fc-9651-60e19aeee1c2\" href=\"https:\/\/pfadirohrdorf.ch\/heimverein\/wp-content\/uploads\/sites\/2\/2023\/09\/Kosten-Sanierungsplan-2030.pdf\">Kosten-Sanierungsplan-2030<\/a><a href=\"https:\/\/pfadirohrdorf.ch\/heimverein\/wp-content\/uploads\/sites\/2\/2023\/09\/Kosten-Sanierungsplan-2030.pdf\" class=\"wp-block-file__button wp-element-button\" download aria-describedby=\"wp-block-file--media-7bbdbd18-70b9-47fc-9651-60e19aeee1c2\">Herunterladen<\/a><\/div>\n\n\n\n<p><\/p>\n\n\n\n<p><\/p>\n\n\n\n<p><\/p>\n\n\n\n<p><strong>Bitte hilf mit, die Sanierungskosten zu stemmen, CHF 89&#8217;500.- sind bereits finanziert. Spenden sind steuerlich abzugsf\u00e4hig. <\/strong><br><\/p>\n\n\n\t\t<style>\t\t.ultimeter-223 .primary-color { color: #3235db; background-color: #3235db; border-color: #3235db; }\r\n\t\t.ultimeter-223 .secondary-color { color: #d3d3d3; background-color: #d3d3d3; border-color: #d3d3d3; }\r\n\t\t.ultimeter-223 .current-label { color: ; border-color: ; }\r\n\t\t.ultimeter-223 .total-label { color: ; border-color: ; }\r\n\t\t.ultimeter-223 { justify-self: center; }\r\n\t\t<\/style>\r\n\t\t<div id=\"post-223\"\r\n\t\t\t class=\"ultimeter-223 ultimeter-container sp-none ultimeter_align_center small progressbar\"\r\n\t\t\t data-current=\"89500\"\r\n\t\t\t data-progress=\"94.210526315789\"\r\n\t\t\t data-meter-id=\"223\"\r\n\t\t\t data-meter=\"{&quot;id&quot;:223,&quot;name&quot;:&quot;Dachziel&quot;,&quot;type&quot;:&quot;progressbar&quot;,&quot;format&quot;:&quot;amount&quot;,&quot;language&quot;:&quot;de&quot;,&quot;currency&quot;:&quot;CHF&quot;,&quot;output_type&quot;:&quot;ultimeter_currency&quot;,&quot;physics&quot;:&quot;width&quot;,&quot;current&quot;:89500,&quot;total&quot;:95000,&quot;progress&quot;:94.21052631578948,&quot;styles&quot;:{&quot;primary_color&quot;:&quot;#3235db&quot;,&quot;secondary_color&quot;:&quot;#d3d3d3&quot;,&quot;current_label&quot;:&quot;&quot;,&quot;total_label&quot;:&quot;&quot;,&quot;size&quot;:&quot;small&quot;,&quot;alignment&quot;:&quot;center&quot;},&quot;debug&quot;:null}\">\r\n\t\t\t\t\t<div class=\"ultimeter progressbar\">\r\n\t\t\t\r\n<div class=\"ultimeter_meter ultimeter_progressbar \">\r\n\t\t<div class=\"ultimeter_meter_outer ultimeter_progressbar_outer secondary-color\">\r\n\t\t\t\t<div class=\"ultimeter_meter_progress ultimeter_progressbar_progress primary-color\">\r\n\t\t\t\t\t\t<div class=\"ultimeter_meter_amount current-label ultimeter_progressbar_amount\">\r\n\t\t\t\t\t\t\t\t<span class=\"calculated\">89500<\/span>\r\n\t\t\t\t\t\t\t<\/div>\r\n\t\t<\/div>\r\n\t<\/div>\r\n<\/div>\r\n\t\t<\/div>\r\n\t\t<\/div>\r\n\r\n\t\t\n\n\n\n<div class=\"wp-block-columns is-layout-flex wp-container-core-columns-is-layout-9d6595d7 wp-block-columns-is-layout-flex\">\n<div class=\"wp-block-column is-layout-flow wp-block-column-is-layout-flow\">\n<p><mark style=\"background-color:#8ed1fc\" class=\"has-inline-color has-black-color\">Spende bitte mit dem <a rel=\"noreferrer noopener\" href=\"https:\/\/donate.raisenow.io\/sszfs\" target=\"_blank\"><strong>SPENDENFORMULAR<\/strong><\/a><\/mark><mark style=\"background-color:#8ed1fc\" class=\"has-inline-color\">                                                                                                    <\/mark><\/p>\n<\/div>\n<\/div>\n\n\n\n<p><strong>Alternativ:<\/strong><\/p>\n\n\n\n<div class=\"wp-block-columns is-layout-flex wp-container-core-columns-is-layout-9d6595d7 wp-block-columns-is-layout-flex\">\n<div class=\"wp-block-column is-layout-flow wp-block-column-is-layout-flow\">\n<figure class=\"wp-block-image size-full is-resized\"><img loading=\"lazy\" decoding=\"async\" width=\"588\" height=\"574\" src=\"https:\/\/pfadirohrdorf.ch\/heimverein\/wp-content\/uploads\/sites\/2\/2023\/07\/image-11.png\" alt=\"\" class=\"wp-image-190\" style=\"width:220px;height:215px\" srcset=\"https:\/\/pfadirohrdorf.ch\/heimverein\/wp-content\/uploads\/sites\/2\/2023\/07\/image-11.png 588w, https:\/\/pfadirohrdorf.ch\/heimverein\/wp-content\/uploads\/sites\/2\/2023\/07\/image-11-300x293.png 300w\" sizes=\"auto, (max-width: 588px) 100vw, 588px\" \/><\/figure>\n<\/div>\n\n\n\n<div class=\"wp-block-column is-layout-flow wp-block-column-is-layout-flow\">\n<figure class=\"wp-block-image size-full is-resized\"><img loading=\"lazy\" decoding=\"async\" width=\"783\" height=\"662\" src=\"https:\/\/pfadirohrdorf.ch\/heimverein\/wp-content\/uploads\/sites\/2\/2023\/07\/image-10.png\" alt=\"\" class=\"wp-image-189\" style=\"width:245px;height:207px\" srcset=\"https:\/\/pfadirohrdorf.ch\/heimverein\/wp-content\/uploads\/sites\/2\/2023\/07\/image-10.png 783w, https:\/\/pfadirohrdorf.ch\/heimverein\/wp-content\/uploads\/sites\/2\/2023\/07\/image-10-300x254.png 300w, https:\/\/pfadirohrdorf.ch\/heimverein\/wp-content\/uploads\/sites\/2\/2023\/07\/image-10-768x649.png 768w\" sizes=\"auto, (max-width: 783px) 100vw, 783px\" \/><\/figure>\n<\/div>\n<\/div>\n\n\n\n<p><strong>F\u00fcr Bank\u00fcberweisungen: <\/strong><\/p>\n\n\n\n<div class=\"wp-block-columns is-layout-flex wp-container-core-columns-is-layout-9d6595d7 wp-block-columns-is-layout-flex\">\n<div class=\"wp-block-column is-layout-flow wp-block-column-is-layout-flow\"><\/div>\n<\/div>\n\n\n\n<p><\/p>\n\n\n\n<div class=\"wp-block-columns is-layout-flex wp-container-core-columns-is-layout-9d6595d7 wp-block-columns-is-layout-flex\">\n<div class=\"wp-block-column is-layout-flow wp-block-column-is-layout-flow\">\n<figure class=\"wp-block-image size-full is-resized\"><img loading=\"lazy\" decoding=\"async\" width=\"297\" height=\"298\" src=\"https:\/\/pfadirohrdorf.ch\/heimverein\/wp-content\/uploads\/sites\/2\/2023\/07\/image-3.png\" alt=\"\" class=\"wp-image-138\" style=\"width:206px;height:207px\" srcset=\"https:\/\/pfadirohrdorf.ch\/heimverein\/wp-content\/uploads\/sites\/2\/2023\/07\/image-3.png 297w, https:\/\/pfadirohrdorf.ch\/heimverein\/wp-content\/uploads\/sites\/2\/2023\/07\/image-3-150x150.png 150w\" sizes=\"auto, (max-width: 297px) 100vw, 297px\" \/><\/figure>\n<\/div>\n\n\n\n<div class=\"wp-block-column is-layout-flow wp-block-column-is-layout-flow\">\n<p>Konto \/ Zahlbar an:<\/p>\n\n\n\n<p>CH10 8080 8007 2505 1751 2<br>Heimverein Pfadi Rohrdorferberg<br>Holzr\u00fctistrasse 17<br>5443 Niederrohrdorf<\/p>\n<\/div>\n<\/div>\n\n\n\n<p><\/p>\n\n\n\n<p>Wir bekunden unsere Wertsch\u00e4tzung von Spendern und Sponsoren, bitte nimm mit dem OK Kontakt auf:  <\/p>\n\n\n\n<ul class=\"wp-block-list\">\n<li><strong>Spenden ab CHF     250.- <\/strong>das n\u00e4chste Raclette-Essen geht auf uns<\/li>\n\n\n\n<li><strong>Spenden ab CHF 1&#8217;000.-<\/strong> namentliche Erw\u00e4hnung auf Querbalken des neuen Velost\u00e4nders<\/li>\n\n\n\n<li><strong>Spenden ab CHF 5&#8217;000.- <\/strong>namentliche Erw\u00e4hnung und zus\u00e4tzlich Logo auf Querbalken des neuen Velost\u00e4nders<br><\/li>\n<\/ul>\n\n\n\n<p>Aber egal wie gross oder klein Deine Spende ausf\u00e4llt &#8211; <strong>Ein herzliches MERCI!!<\/strong><\/p>\n\n\n\n<p><\/p>\n\n\n\n<p>Das Sanierungs-OK:<br><br>Alex M\u00fcnch v\/o Chrono, <a href=\"mailto:awmuench@gmail.com\">awmuench@gmail.com<\/a> 079 204 47 58<br>Leandro Biffi v\/o Piello<br>Christoph Fischer<br>Dominic Maurer v\/o Sam<\/p>\n","protected":false},"excerpt":{"rendered":"<p>Lochfrass durchsiebt unser Pfadiheimdach aus Zink (Stehfalzdach). Nach Einsch\u00e4tzung des Architekturb\u00fcros Bele sowie von Spenglerfirmen wird dringend empfohlen, das komplette Pultdach zu ersetzen. Dabei ist auf einen bauphysikalisch korrekten Aufbau zu achten um R\u00fcckseitenkorrosion zu verhindern (Ursache f\u00fcr Lochfrass). Links: PultdachRechts: Provisorische Flickarbeiten Beim beidseitig angrenzeden Flachdach muss neu abgedichtet und eingekiest werden. Um den [&hellip;]<\/p>\n","protected":false},"author":2,"featured_media":0,"parent":0,"menu_order":0,"comment_status":"closed","ping_status":"closed","template":"","meta":{"footnotes":""},"class_list":["post-134","page","type-page","status-publish","czr-hentry"],"_links":{"self":[{"href":"https:\/\/pfadirohrdorf.ch\/heimverein\/wp-json\/wp\/v2\/pages\/134","targetHints":{"allow":["GET"]}}],"collection":[{"href":"https:\/\/pfadirohrdorf.ch\/heimverein\/wp-json\/wp\/v2\/pages"}],"about":[{"href":"https:\/\/pfadirohrdorf.ch\/heimverein\/wp-json\/wp\/v2\/types\/page"}],"author":[{"embeddable":true,"href":"https:\/\/pfadirohrdorf.ch\/heimverein\/wp-json\/wp\/v2\/users\/2"}],"replies":[{"embeddable":true,"href":"https:\/\/pfadirohrdorf.ch\/heimverein\/wp-json\/wp\/v2\/comments?post=134"}],"version-history":[{"count":63,"href":"https:\/\/pfadirohrdorf.ch\/heimverein\/wp-json\/wp\/v2\/pages\/134\/revisions"}],"predecessor-version":[{"id":298,"href":"https:\/\/pfadirohrdorf.ch\/heimverein\/wp-json\/wp\/v2\/pages\/134\/revisions\/298"}],"wp:attachment":[{"href":"https:\/\/pfadirohrdorf.ch\/heimverein\/wp-json\/wp\/v2\/media?parent=134"}],"curies":[{"name":"wp","href":"https:\/\/api.w.org\/{rel}","templated":true}]}}